{"id":391,"date":"2024-06-05T08:09:11","date_gmt":"2024-06-05T11:09:11","guid":{"rendered":"https:\/\/vias-classicas.com\/michaelhellmann\/?page_id=391"},"modified":"2024-12-02T07:11:08","modified_gmt":"2024-12-02T10:11:08","slug":"autor","status":"publish","type":"page","link":"https:\/\/vias-classicas.com\/michaelhellmann\/autor\/","title":{"rendered":"Autor"},"content":{"rendered":"<p>Michael Hellmann, avido leitor, estudante Cat\u00f3lico, que procura expressar por escrito seus pensamentos.\u00a0 Estudante e pesquisador das Artes Liberais, com interesse, principalmente, no estudo da Literatura Cl\u00e1ssica, Hist\u00f3ria e Filosofia.<\/p>\n<p>Segundo Pe. Sertillanges,<em> &#8220;O cuidado com o corpo, instrumento da alma, \u00e9 para o intelectual uma virtude e uma sabedoria&#8221;<\/em>.<em>\u00a0<\/em>Este \u00e9 tamb\u00e9m um princ\u00edpio cultivado, em paralelo \u00e0 vida intelectual. Michael dedica-se a arte do Jiu-Jitsu desde 2022:<\/p>\n<p><img loading=\"lazy\" decoding=\"async\" class=\"aligncenter wp-image-403\" src=\"http:\/\/vias-classicas.com\/michaelhellmann\/wp-content\/uploads\/sites\/4\/2024\/06\/8ef82fef-215f-47c8-a296-d042c93dd3e6-e1719245790905.jpg\" alt=\"\" width=\"500\" height=\"695\" srcset=\"https:\/\/vias-classicas.com\/michaelhellmann\/wp-content\/uploads\/sites\/4\/2024\/06\/8ef82fef-215f-47c8-a296-d042c93dd3e6-e1719245790905.jpg 896w, https:\/\/vias-classicas.com\/michaelhellmann\/wp-content\/uploads\/sites\/4\/2024\/06\/8ef82fef-215f-47c8-a296-d042c93dd3e6-e1719245790905-216x300.jpg 216w, https:\/\/vias-classicas.com\/michaelhellmann\/wp-content\/uploads\/sites\/4\/2024\/06\/8ef82fef-215f-47c8-a296-d042c93dd3e6-e1719245790905-737x1024.jpg 737w, https:\/\/vias-classicas.com\/michaelhellmann\/wp-content\/uploads\/sites\/4\/2024\/06\/8ef82fef-215f-47c8-a296-d042c93dd3e6-e1719245790905-768x1067.jpg 768w, https:\/\/vias-classicas.com\/michaelhellmann\/wp-content\/uploads\/sites\/4\/2024\/06\/8ef82fef-215f-47c8-a296-d042c93dd3e6-e1719245790905-847x1177.jpg 847w\" sizes=\"auto, (max-width: 500px) 100vw, 500px\" \/><\/p>\n<p>&nbsp;<\/p>\n<table border=\"0\" cellspacing=\"0\">\n<colgroup width=\"85\"><\/colgroup>\n<colgroup width=\"444\"><\/colgroup>\n<colgroup width=\"85\"><\/colgroup>\n<tbody>\n<tr>\n<td style=\"text-align: left;\" align=\"left\" height=\"17\"><strong>Ano<\/strong><\/td>\n<td style=\"text-align: left;\" align=\"left\"><strong>Competi\u00e7\u00e3o<\/strong><\/td>\n<td style=\"text-align: left;\" align=\"left\"><strong>Medalha<\/strong><\/td>\n<\/tr>\n<tr>\n<td style=\"text-align: left;\" align=\"right\" height=\"17\">2024<\/td>\n<td style=\"text-align: left;\" align=\"left\">Open International IBJJF<\/td>\n<td style=\"text-align: left;\" align=\"left\">Prata<\/td>\n<\/tr>\n<tr>\n<td style=\"text-align: left;\" align=\"right\" height=\"17\">2024<\/td>\n<td style=\"text-align: left;\" align=\"left\">Compnet Centro Oeste<\/td>\n<td style=\"text-align: left;\" align=\"left\">Ouro<\/td>\n<\/tr>\n<tr>\n<td style=\"text-align: left;\" align=\"right\" height=\"17\">2024<\/td>\n<td style=\"text-align: left;\" align=\"left\">Campeonato Brasileiro de Jiu-Jitsu Crian\u00e7as &#8211; CBJJ\/IBJJF<\/td>\n<td style=\"text-align: left;\" align=\"left\">Ouro<\/td>\n<\/tr>\n<tr>\n<td style=\"text-align: left;\" align=\"right\" height=\"17\">2024<\/td>\n<td style=\"text-align: left;\" align=\"left\">Compnet Bras\u00edlia \u2013 DF<\/td>\n<td style=\"text-align: left;\" align=\"left\">Ouro<\/td>\n<\/tr>\n<tr>\n<td style=\"text-align: left;\" align=\"right\" height=\"17\">2023<\/td>\n<td style=\"text-align: left;\" align=\"left\">Distrito Federal Open International #3 Etapa Brasil Bras\u00edlia \u2013 DF<\/td>\n<td style=\"text-align: left;\" align=\"left\">Ouro<\/td>\n<\/tr>\n<tr>\n<td style=\"text-align: left;\" align=\"right\" height=\"17\">2023<\/td>\n<td style=\"text-align: left;\" align=\"left\">Compnet Bras\u00edlia \u2013 DF<\/td>\n<td style=\"text-align: left;\" align=\"left\">Ouro<\/td>\n<\/tr>\n<tr>\n<td style=\"text-align: left;\" align=\"right\" height=\"17\">2023<\/td>\n<td style=\"text-align: left;\" align=\"left\">Campeonato Centro-Oeste Brasileiro CUP DE JIU-JITSU 1\u00aa \u2013 Edi\u00e7\u00e3o<\/td>\n<td style=\"text-align: left;\" align=\"left\">Bronze<\/td>\n<\/tr>\n<tr>\n<td style=\"text-align: left;\" align=\"right\" height=\"17\">2023<\/td>\n<td align=\"left\">Grand Prix Festival Kids 1a Edi\u00e7\u00e3o \u2013 Goi\u00e2nia<\/td>\n<td align=\"left\">Bronze<\/td>\n<\/tr>\n<tr>\n<td style=\"text-align: left;\" align=\"right\" height=\"17\">2023<\/td>\n<td style=\"text-align: left;\" align=\"left\">Oficial Copa Podio Bras\u00edlia \u2013 DF<\/td>\n<td align=\"left\">Ouro<\/td>\n<\/tr>\n<tr>\n<td style=\"text-align: left;\" align=\"right\" height=\"17\">2023<\/td>\n<td style=\"text-align: left;\" align=\"left\">Distrito Federal Open de JIU-JITSU 2023 \u2013 DF<\/td>\n<td style=\"text-align: left;\" align=\"left\">Bronze<\/td>\n<\/tr>\n<tr>\n<td style=\"text-align: left;\" align=\"right\" height=\"17\">2023<\/td>\n<td style=\"text-align: left;\" align=\"left\">Internacional GDF Cup Edi\u00e7\u00e3o Brasil Bras\u00edlia \u2013 DF<\/td>\n<td style=\"text-align: left;\" align=\"left\">Ouro<\/td>\n<\/tr>\n<\/tbody>\n<\/table>\n","protected":false},"excerpt":{"rendered":"<p>Michael Hellmann, avido leitor, estudante Cat\u00f3lico, que procura expressar por escrito seus pensamentos.\u00a0 Estudante e pesquisador das Artes Liberais, com interesse, principalmente, no estudo da Literatura Cl\u00e1ssica, Hist\u00f3ria e Filosofia. Segundo Pe. Sertillanges, &#8220;O cuidado com o corpo, instrumento da alma, \u00e9 para o intelectual uma virtude e uma sabedoria&#8221;.\u00a0Este \u00e9 tamb\u00e9m um princ\u00edpio cultivado, &hellip; <\/p>\n<p><a class=\"more-link btn\" href=\"https:\/\/vias-classicas.com\/michaelhellmann\/autor\/\">Continue lendo<\/a><\/p>\n","protected":false},"author":1,"featured_media":0,"parent":0,"menu_order":0,"comment_status":"closed","ping_status":"closed","template":"","meta":{"footnotes":""},"class_list":["post-391","page","type-page","status-publish","hentry","nodate","item-wrap"],"aioseo_notices":[],"_links":{"self":[{"href":"https:\/\/vias-classicas.com\/michaelhellmann\/wp-json\/wp\/v2\/pages\/391","targetHints":{"allow":["GET"]}}],"collection":[{"href":"https:\/\/vias-classicas.com\/michaelhellmann\/wp-json\/wp\/v2\/pages"}],"about":[{"href":"https:\/\/vias-classicas.com\/michaelhellmann\/wp-json\/wp\/v2\/types\/page"}],"author":[{"embeddable":true,"href":"https:\/\/vias-classicas.com\/michaelhellmann\/wp-json\/wp\/v2\/users\/1"}],"replies":[{"embeddable":true,"href":"https:\/\/vias-classicas.com\/michaelhellmann\/wp-json\/wp\/v2\/comments?post=391"}],"version-history":[{"count":15,"href":"https:\/\/vias-classicas.com\/michaelhellmann\/wp-json\/wp\/v2\/pages\/391\/revisions"}],"predecessor-version":[{"id":446,"href":"https:\/\/vias-classicas.com\/michaelhellmann\/wp-json\/wp\/v2\/pages\/391\/revisions\/446"}],"wp:attachment":[{"href":"https:\/\/vias-classicas.com\/michaelhellmann\/wp-json\/wp\/v2\/media?parent=391"}],"curies":[{"name":"wp","href":"https:\/\/api.w.org\/{rel}","templated":true}]}}