{"id":10,"date":"2018-07-19T02:39:58","date_gmt":"2018-07-19T05:39:58","guid":{"rendered":"http:\/\/gehspace.com\/poemas\/?page_id=3"},"modified":"2021-08-29T10:29:18","modified_gmt":"2021-08-29T13:29:18","slug":"politica-de-privacidade","status":"publish","type":"page","link":"https:\/\/vias-classicas.com\/poemas\/politica-de-privacidade\/","title":{"rendered":"Pol\u00edtica de Privacidade"},"content":{"rendered":"<h3>Menu:<\/h3>\n<p><a href=\"#Portugues\">Vers\u00e3o em Portugu\u00eas<\/a><br \/>\n<a href=\"#English\">English version<\/a><\/p>\n<p>&nbsp;<\/p>\n<h1>Pol\u00edtica de Privacidade<\/h1>\n<h3>Quem somos<\/h3>\n<p>O endere\u00e7o do nosso site \u00e9: http:\/\/vias-classicas.com\/poemas. O nome do admin\/autor \u00e9 Alexei Gon\u00e7alves de Oliveira, um blogueiro experiente \u2013 ativo desde 2007 \u2013 embora n\u00e3o seja profissional de TI.<\/p>\n<h3>Quais dados pessoais coletamos e por que os coletamos<\/h3>\n<p>Este administrador \/ autor do site n\u00e3o tem interesse em seus dados pessoais e est\u00e1 comprometido a n\u00e3o us\u00e1-los para qualquer prop\u00f3sito al\u00e9m de responder \u00e0s suas solicita\u00e7\u00f5es de informa\u00e7\u00f5es ou se exigido por uma ordem judicial de uma corte brasileira.<\/p>\n<h3>Coment\u00e1rios<\/h3>\n<p>Quando os visitantes deixam coment\u00e1rios no site, coletamos os dados exibidos no formul\u00e1rio de coment\u00e1rios e tamb\u00e9m o endere\u00e7o IP do visitante e a string do agente do usu\u00e1rio do navegador para ajudar na detec\u00e7\u00e3o de spam.<\/p>\n<p>Uma string anonimizada criada a partir do seu endere\u00e7o de e-mail (tamb\u00e9m chamado de hash) pode ser fornecida ao servi\u00e7o Gravatar para ver se voc\u00ea est\u00e1 usando. A pol\u00edtica de privacidade do servi\u00e7o Gravatar est\u00e1 dispon\u00edvel aqui: https:\/\/automattic.com\/privacy\/. Ap\u00f3s a aprova\u00e7\u00e3o do seu coment\u00e1rio, a foto do seu perfil ficar\u00e1 vis\u00edvel para o p\u00fablico no contexto do seu coment\u00e1rio.<\/p>\n<h3>Arquivos de imagens<\/h3>\n<p>Se voc\u00ea fizer upload de imagens para o site, procure remover os dados de localiza\u00e7\u00e3o incorporados (EXIF GPS) dos arquivos. Os visitantes do site podem baixar e extrair quaisquer dados de localiza\u00e7\u00e3o constantes nas imagens no site.<\/p>\n<h3>Formul\u00e1rios de contato<\/h3>\n<p>Este site n\u00e3o mant\u00e9m formul\u00e1rios de contato. Se voc\u00ea quiser dizer alguma coisa para o administrador\/autor deste site, use o formul\u00e1rio de contato dispon\u00edvel no meu <a href=\"https:\/\/aulasderedacaoonline.com.br\/contato\/\" target=\"_blank\" rel=\"noopener\">site profissional<\/a>. Certifique-se de verificar a <a href=\"https:\/\/aulasderedacaoonline.com.br\/politica-de-privacidade\/\" target=\"_blank\" rel=\"noopener\">pol\u00edtica de privacidade<\/a> do site, pois ele tem fins comerciais.<\/p>\n<h3>Cookies<\/h3>\n<p>Se voc\u00ea deixar um coment\u00e1rio em nosso site, voc\u00ea pode optar por salvar seu nome, endere\u00e7o de e-mail e site em cookies. Estes cookies s\u00e3o criados para sua conveni\u00eancia, para que voc\u00ea n\u00e3o precise preencher seus dados novamente quando deixar outro coment\u00e1rio. Esses cookies durar\u00e3o um ano.<\/p>\n<p>Se voc\u00ea tiver uma conta e fizer login neste site, definiremos um cookie tempor\u00e1rio para determinar se seu navegador aceita cookies. Este cookie n\u00e3o cont\u00e9m dados pessoais e \u00e9 descartado quando voc\u00ea fecha o navegador.<\/p>\n<p>Quando voc\u00ea fizer login, tamb\u00e9m configuraremos v\u00e1rios cookies para salvar suas informa\u00e7\u00f5es de login e suas op\u00e7\u00f5es de exibi\u00e7\u00e3o na tela. Os cookies de login duram dois dias e os cookies de op\u00e7\u00f5es de tela duram um ano. Se voc\u00ea selecionar &#8220;Lembrar de Mim&#8221;, seu login persistir\u00e1 por duas semanas. Se voc\u00ea sair da sua conta, os cookies de login ser\u00e3o removidos.<\/p>\n<p>Se voc\u00ea editar ou publicar um artigo, um cookie adicional ser\u00e1 salvo no seu navegador. Este cookie n\u00e3o inclui dados pessoais e simplesmente indica o ID do post que voc\u00ea acabou de editar. Expira ap\u00f3s 1 dia.<\/p>\n<h3>Conte\u00fado incorporado de outros sites<\/h3>\n<p>Os artigos neste site podem incluir conte\u00fado incorporado (por exemplo, v\u00eddeos, imagens, artigos, etc.). O conte\u00fado incorporado de outros sites se comporta exatamente da mesma maneira como se o visitante tivesse visitado o outro site.<\/p>\n<p>Esses sites podem coletar dados sobre voc\u00ea, usar cookies, incorporar rastreamento adicional de terceiros e monitorar sua intera\u00e7\u00e3o com o conte\u00fado incorporado, incluindo o rastreamento de sua intera\u00e7\u00e3o com o conte\u00fado incorporado, se voc\u00ea tiver uma conta e estiver conectado a esse site.<\/p>\n<h3>Analytics<\/h3>\n<p>Instalamos o c\u00f3digo do <a href=\"https:\/\/statcounter.com\/\" target=\"_blank\" rel=\"noopener\">Statcounter<\/a> neste site para contar visitas, visualiza\u00e7\u00f5es de p\u00e1ginas, p\u00e1ginas populares, entre outros dados, para tomar decis\u00f5es de conte\u00fado do site. O autor\/admin deste site n\u00e3o utilizar\u00e1 os dados coletados pelo Statcounter para qualquer outra finalidade, a menos que exigido por uma ordem judicial emitida por uma corte brasileira. Voc\u00ea deve verificar a <a href=\"https:\/\/statcounter.com\/about\/cookies\/\" target=\"_blank\" rel=\"noopener\"> Pol\u00edtica de Cookies do Statcounter<\/a> se estiver preocupado com o uso que ele faz de seus dados.<\/p>\n<h3>Com quem compartilhamos seus dados<\/h3>\n<p>Ningu\u00e9m.<\/p>\n<h3>Por quanto tempo retemos seus dados<\/h3>\n<p>Se voc\u00ea deixar um coment\u00e1rio, o coment\u00e1rio e seus metadados ser\u00e3o retidos indefinidamente. O objetivo \u00e9 reconhecer e aprovar quaisquer coment\u00e1rios de acompanhamento automaticamente, em vez de mant\u00ea-los em uma fila de modera\u00e7\u00e3o.<\/p>\n<p>Para usu\u00e1rios que se registram em nosso site (se houver), tamb\u00e9m armazenamos as informa\u00e7\u00f5es pessoais que eles fornecem em seu perfil de usu\u00e1rio. Todos os usu\u00e1rios podem ver, editar ou excluir suas informa\u00e7\u00f5es pessoais a qualquer momento (exceto alterar seu nome de usu\u00e1rio). Administradores de sites tamb\u00e9m podem ver e editar essas informa\u00e7\u00f5es.<\/p>\n<h3>Quais direitos voc\u00ea tem sobre seus dados<\/h3>\n<p>Se voc\u00ea tiver uma conta neste site ou tiver deixado coment\u00e1rios, poder\u00e1 solicitar o recebimento de um arquivo exportado dos dados pessoais que mantemos sobre voc\u00ea, incluindo quaisquer dados que voc\u00ea nos forneceu. Voc\u00ea tamb\u00e9m pode solicitar que apague quaisquer dados pessoais que tenhamos sobre voc\u00ea. Isso n\u00e3o inclui quaisquer dados que somos obrigados a manter para fins administrativos, legais ou de seguran\u00e7a.<\/p>\n<h3>Para onde enviamos seus dados<\/h3>\n<p>Os coment\u00e1rios dos visitantes podem ser verificados atrav\u00e9s de um servi\u00e7o automatizado de detec\u00e7\u00e3o de spam.<\/p>\n<h3>Como protegemos seus dados<\/h3>\n<p>Seus dados s\u00e3o mantidos em servidores de hospedagem da <a href=\"https:\/\/hostgator.com.br\" target=\"_blank\" rel=\"noopener\">Hostgator Brasil<\/a> e este site \u00e9 protegido com o plugin <a href=\"https:\/\/www.wordfence.com\/\" target=\"_blank\" rel=\"noopener\">Wordfence<\/a> entre outras medidas de seguran\u00e7a adotadas pelo autor \/ administrador que, deve-se sempre lembrar, N\u00c3O \u00e9 um profissional de TI.<\/p>\n<h3>Quais procedimentos de viola\u00e7\u00e3o de dados n\u00f3s temos em vigor<\/h3>\n<p>Como mencionado acima, n\u00e3o tenho interesse em seus dados. Se voc\u00ea estiver preocupado com a viola\u00e7\u00e3o ou uso indevido, simplesmente n\u00e3o os divulgue.<\/p>\n<h3>De quais terceiros n\u00f3s recebemos dados<\/h3>\n<p>Nenhum que seja do conhecimento do admin\/autor.<\/p>\n<h3>Que decis\u00f5es automatizadas tomamos ou que procedimentos de perfila\u00e7\u00e3o fazemos com os dados do usu\u00e1rio<\/h3>\n<p>Nenhum. Este site n\u00e3o tem interesse nesse tipo de atividade.<\/p>\n<h3>Requisitos de divulga\u00e7\u00e3o regulamentar da ind\u00fastria<\/h3>\n<p>Nenhuma. Este \u00e9 um site pessoal de poesia. A poesia ainda n\u00e3o \u00e9 uma ind\u00fastria.<\/p>\n<p>&nbsp;<\/p>\n<h1>Privacy Policy<\/h1>\n<h3>Who we are<\/h3>\n<p>Our website address is: https:\/\/vias-classicas.com\/poemas. The admin\/author&#8217;s name is Alexei Gon\u00e7alves de Oliveira, an experienced, although NOT an IT professional, WordPress blogger since 2007.<\/p>\n<h3>What personal data we collect and why we collect it<\/h3>\n<p>This site admin\/author has no interest in your personal data and I am committed to not using it for any purpose whatsoever aside from answering your requests for information or if demanded by a Brazilian court order.<\/p>\n<h3>Comments<\/h3>\n<p>When visitors leave comments on the site we collect the data shown in the comments form, and also the visitor\u2019s IP address and browser user agent string to help spam detection.<\/p>\n<p>An anonymized string created from your email address (also called a hash) may be provided to the Gravatar service to see if you are using it. The Gravatar service privacy policy is available here: https:\/\/automattic.com\/privacy\/. After approval of your comment, your profile picture is visible to the public in the context of your comment.<\/p>\n<h3>Media<\/h3>\n<p>If you upload images to the website, you should avoid uploading images with embedded location data (EXIF GPS) included. Visitors to the website can download and extract any location data from images on the website.<\/p>\n<h3>Contact forms<\/h3>\n<h3>Cookies<\/h3>\n<p>If you leave a comment on our site you may opt-in to saving your name, email address and website in cookies. These are for your convenience so that you do not have to fill in your details again when you leave another comment. These cookies will last for one year.<\/p>\n<p>If you have an account and you log in to this site, we will set a temporary cookie to determine if your browser accepts cookies. This cookie contains no personal data and is discarded when you close your browser.<\/p>\n<p>When you log in, we will also set up several cookies to save your login information and your screen display choices. Login cookies last for two days, and screen options cookies last for a year. If you select &#8220;Remember Me&#8221;, your login will persist for two weeks. If you log out of your account, the login cookies will be removed.<\/p>\n<p>If you edit or publish an article, an additional cookie will be saved in your browser. This cookie includes no personal data and simply indicates the post ID of the article you just edited. It expires after 1 day.<\/p>\n<h3>Embedded content from other websites<\/h3>\n<p>Articles on this site may include embedded content (e.g. videos, images, articles, etc.). Embedded content from other websites behaves in the exact same way as if the visitor has visited the other website.<\/p>\n<p>These websites may collect data about you, use cookies, embed additional third-party tracking, and monitor your interaction with that embedded content, including tracking your interaction with the embedded content if you have an account and are logged in to that website.<\/p>\n<h3>Analytics<\/h3>\n<p>We installed the <a href=\"https:\/\/statcounter.com\">Statcounter<\/a> WordPress blog code in this site in order to count visits, page-views, popular pages, among other data, to make website content decisions. This site&#8217;s author\/admin will not use the data collected by Statcounter for any other purpose, unless demanded by a Brazilian Court Order. You should check <a href=\"https:\/\/statcounter.com\/about\/cookies\/\">Statcounter&#8217;s Cookie Policy<\/a> if you are concerned about its use of your data.<\/p>\n<h3>Who we share your data with<\/h3>\n<p>No one.<\/p>\n<h3>How long we retain your data<\/h3>\n<p>If you leave a comment, the comment and its metadata are retained indefinitely. This is so we can recognize and approve any follow-up comments automatically instead of holding them in a moderation queue.<\/p>\n<p>For users that register on our website (if any), we also store the personal information they provide in their user profile. All users can see, edit, or delete their personal information at any time (except they cannot change their username). Website administrators can also see and edit that information.<\/p>\n<h3>What rights you have over your data<\/h3>\n<p>If you have an account on this site, or have left comments, you can request to receive an exported file of the personal data we hold about you, including any data you have provided to us. You can also request that we erase any personal data we hold about you. This does not include any data we are obliged to keep for administrative, legal, or security purposes.<\/p>\n<h3>Where we send your data<\/h3>\n<p>Visitor comments may be checked through an automated spam detection service.<\/p>\n<h3>Your contact information<\/h3>\n<p>If you want to say anything to the admin\/author of this website, you can use the contact form available at my <a href=\"https:\/\/aulasderedacaoonline.com.br\/contato\/\" target=\"_blank\" rel=\"noopener\">professional website<\/a>. Make sure you check that site&#8217;s <a href=\"https:\/\/aulasderedacaoonline.com.br\/politica-de-privacidade\/\" target=\"_blank\" rel=\"noopener\">Privacy Policy<\/a>, since it has commercial purposes.<\/p>\n<h3>Additional information<\/h3>\n<h3>How we protect your data<\/h3>\n<p>Your data is held at <a href=\"https:\/\/hostgator.com.br\/\">Hostgator Brazil<\/a> hosting servers and this site is protected with the <a href=\"https:\/\/www.wordfence.com\/\" target=\"_blank\" rel=\"noopener\">Wordfence<\/a> plugin among other security measures adopted by the author\/admin who, one must always remember, is NOT an IT professional.<\/p>\n<h3>What data breach procedures we have in place<\/h3>\n<p>As mentioned above, I have no interest in your data. If you are concerned about it being breached or misused, simply do not give it away.<\/p>\n<h3>What third parties we receive data from<\/h3>\n<p>None that I know of.<\/p>\n<h3>What automated decision making and\/or profiling we do with user data<\/h3>\n<p>None.<\/p>\n<h3>Industry regulatory disclosure requirements<\/h3>\n<p>None. This is a personal poetry website. Poetry is not yet an industry.<\/p>\n","protected":false},"excerpt":{"rendered":"<p>Menu: Vers\u00e3o em Portugu\u00eas English version &nbsp; Pol\u00edtica de Privacidade Quem somos O endere\u00e7o do nosso site \u00e9: http:\/\/vias-classicas.com\/poemas. O nome do admin\/autor \u00e9 Alexei Gon\u00e7alves de Oliveira, um blogueiro experiente \u2013 ativo desde 2007 \u2013 embora n\u00e3o seja profissional de TI. Quais dados pessoais coletamos e por que os coletamos Este administrador \/ autor &hellip; <\/p>\n<p><a class=\"more-link btn\" href=\"https:\/\/vias-classicas.com\/poemas\/politica-de-privacidade\/\">Continue lendo<\/a><\/p>\n","protected":false},"author":261,"featured_media":0,"parent":0,"menu_order":0,"comment_status":"closed","ping_status":"closed","template":"","meta":{"footnotes":""},"class_list":["post-10","page","type-page","status-publish","hentry","nodate","item-wrap"],"aioseo_notices":[],"_links":{"self":[{"href":"https:\/\/vias-classicas.com\/poemas\/wp-json\/wp\/v2\/pages\/10","targetHints":{"allow":["GET"]}}],"collection":[{"href":"https:\/\/vias-classicas.com\/poemas\/wp-json\/wp\/v2\/pages"}],"about":[{"href":"https:\/\/vias-classicas.com\/poemas\/wp-json\/wp\/v2\/types\/page"}],"author":[{"embeddable":true,"href":"https:\/\/vias-classicas.com\/poemas\/wp-json\/wp\/v2\/users\/261"}],"replies":[{"embeddable":true,"href":"https:\/\/vias-classicas.com\/poemas\/wp-json\/wp\/v2\/comments?post=10"}],"version-history":[{"count":2,"href":"https:\/\/vias-classicas.com\/poemas\/wp-json\/wp\/v2\/pages\/10\/revisions"}],"predecessor-version":[{"id":371,"href":"https:\/\/vias-classicas.com\/poemas\/wp-json\/wp\/v2\/pages\/10\/revisions\/371"}],"wp:attachment":[{"href":"https:\/\/vias-classicas.com\/poemas\/wp-json\/wp\/v2\/media?parent=10"}],"curies":[{"name":"wp","href":"https:\/\/api.w.org\/{rel}","templated":true}]}}